{"id":2441,"date":"2015-03-27T20:33:02","date_gmt":"2015-03-27T20:33:02","guid":{"rendered":"http:\/\/it.elds.org\/gesu-cristo-org\/?page_id=2441"},"modified":"2018-12-09T14:02:52","modified_gmt":"2018-12-09T13:02:52","slug":"home","status":"publish","type":"page","link":"https:\/\/it.elds.org\/gesu-cristo-org\/","title":{"rendered":"Home"},"content":{"rendered":"<p>[et_pb_section bb_built=&#8221;1&#8243; fullwidth=&#8221;off&#8221; specialty=&#8221;off&#8221; transparent_background=&#8221;off&#8221; background_color=&#8221;#ffffff&#8221; allow_player_pause=&#8221;off&#8221; inner_shadow=&#8221;off&#8221; parallax=&#8221;off&#8221; parallax_method=&#8221;off&#8221; custom_padding=&#8221;||0px|&#8221; padding_mobile=&#8221;off&#8221; make_fullwidth=&#8221;off&#8221; use_custom_width=&#8221;off&#8221; width_unit=&#8221;on&#8221; make_equal=&#8221;off&#8221; use_custom_gutter=&#8221;off&#8221; custom_padding_tablet=&#8221;50px|0|50px|0&#8243; custom_padding_last_edited=&#8221;on|desktop&#8221; next_background_color=&#8221;#000000&#8243;][et_pb_row make_fullwidth=&#8221;off&#8221; use_custom_width=&#8221;off&#8221; width_unit=&#8221;on&#8221; use_custom_gutter=&#8221;off&#8221; custom_padding=&#8221;0px||0px|&#8221; padding_mobile=&#8221;off&#8221; allow_player_pause=&#8221;off&#8221; parallax=&#8221;off&#8221; parallax_method=&#8221;off&#8221; make_equal=&#8221;off&#8221; parallax_1=&#8221;off&#8221; parallax_method_1=&#8221;off&#8221; parallax_2=&#8221;off&#8221; parallax_method_2=&#8221;off&#8221; column_padding_mobile=&#8221;on&#8221; background_position=&#8221;top_left&#8221; background_repeat=&#8221;repeat&#8221; background_size=&#8221;initial&#8221; _builder_version=&#8221;3.0.96&#8243;][et_pb_column type=&#8221;1_2&#8243;][et_pb_code _builder_version=&#8221;3.17.5&#8243;]<iframe width=\"560\" height=\"315\" src=\"https:\/\/www.youtube.com\/embed\/M3eecNqkRiI\" frameborder=\"0\" gesture=\"media\" allow=\"encrypted-media\" allowfullscreen><\/iframe>[\/et_pb_code][\/et_pb_column][et_pb_column type=&#8221;1_2&#8243;][et_pb_code _builder_version=&#8221;3.17.5&#8243;]<iframe width=\"560\" height=\"315\" src=\"https:\/\/www.youtube.com\/embed\/K5vKJYN-hUI\" frameborder=\"0\" gesture=\"media\" allow=\"encrypted-media\" allowfullscreen><\/iframe>[\/et_pb_code][\/et_pb_column][\/et_pb_row][\/et_pb_section][et_pb_section bb_built=&#8221;1&#8243; fullwidth=&#8221;off&#8221; specialty=&#8221;on&#8221; transparent_background=&#8221;off&#8221; background_color=&#8221;#ffffff&#8221; allow_player_pause=&#8221;off&#8221; inner_shadow=&#8221;off&#8221; parallax=&#8221;off&#8221; parallax_method=&#8221;off&#8221; padding_mobile=&#8221;off&#8221; make_fullwidth=&#8221;off&#8221; use_custom_width=&#8221;off&#8221; width_unit=&#8221;on&#8221; make_equal=&#8221;off&#8221; use_custom_gutter=&#8221;off&#8221; parallax_1=&#8221;off&#8221; parallax_method_1=&#8221;off&#8221; parallax_2=&#8221;off&#8221; parallax_method_2=&#8221;off&#8221; custom_padding=&#8221;0px|||&#8221; custom_padding_tablet=&#8221;50px|0|50px|0&#8243; custom_padding_last_edited=&#8221;on|desktop&#8221; prev_background_color=&#8221;#000000&#8243;][et_pb_column type=&#8221;3_4&#8243; specialty_columns=&#8221;3&#8243;][et_pb_row_inner admin_label=&#8221;Riga&#8221;][et_pb_column_inner type=&#8221;4_4&#8243; saved_specialty_column_type=&#8221;3_4&#8243;][et_pb_blog fullwidth=&#8221;off&#8221; posts_number=&#8221;6&#8243; show_thumbnail=&#8221;on&#8221; show_content=&#8221;off&#8221; show_more=&#8221;off&#8221; show_author=&#8221;on&#8221; show_date=&#8221;on&#8221; show_categories=&#8221;on&#8221; show_comments=&#8221;on&#8221; show_pagination=&#8221;on&#8221; offset_number=&#8221;0&#8243; use_overlay=&#8221;off&#8221; background_layout=&#8221;light&#8221; use_dropshadow=&#8221;off&#8221; use_border_color=&#8221;off&#8221; border_color=&#8221;#ffffff&#8221; border_style=&#8221;solid&#8221; module_class=&#8221;blog-home&#8221; box_shadow_color=&#8221;rgba(0,0,0,0.3)&#8221; box_shadow_style=&#8221;none&#8221; \/][\/et_pb_column_inner][\/et_pb_row_inner][\/et_pb_column][et_pb_column type=&#8221;1_4&#8243;][et_pb_sidebar orientation=&#8221;left&#8221; area=&#8221;sidebar-1&#8243; background_layout=&#8221;light&#8221; disabled=&#8221;off&#8221; disabled_on=&#8221;on|on|&#8221; remove_border=&#8221;off&#8221; show_border=&#8221;on&#8221; \/][\/et_pb_column][\/et_pb_section]<\/p>\n","protected":false},"excerpt":{"rendered":"","protected":false},"author":23,"featured_media":0,"parent":0,"menu_order":0,"comment_status":"open","ping_status":"closed","template":"","meta":{"_et_pb_use_builder":"on","_et_pb_old_content":"","_et_gb_content_width":"","_monsterinsights_skip_tracking":false,"_monsterinsights_sitenote_active":false,"_monsterinsights_sitenote_note":"","_monsterinsights_sitenote_category":0,"ngg_post_thumbnail":0,"footnotes":""},"class_list":["post-2441","page","type-page","status-publish","hentry"],"yoast_head":"<!-- This site is optimized with the Yoast SEO plugin v27.4 - https:\/\/yoast.com\/product\/yoast-seo-wordpress\/ -->\n<title>Ges\u00f9 Cristo - Chiesa di Ges\u00f9 Cristo dei Santi degli Ultimi Giorni<\/title>\n<meta name=\"description\" content=\"Ges\u00f9 Cristo \u00e8 il compimento delle profezie messianiche. Egli \u00e8 l\u2019unto e il prescelto. Non \u00e8 nessun altro. Ges\u00f9 \u00e8 il Cristo, l\u2019unico modo per essere salvati.\" \/>\n<meta name=\"robots\" content=\"index, follow, max-snippet:-1, max-image-preview:large, max-video-preview:-1\" \/>\n<link rel=\"canonical\" href=\"https:\/\/it.elds.org\/gesu-cristo-org\/\" \/>\n<meta property=\"og:locale\" content=\"it_IT\" \/>\n<meta property=\"og:type\" content=\"article\" \/>\n<meta property=\"og:title\" content=\"Ges\u00f9 Cristo - Chiesa di Ges\u00f9 Cristo dei Santi degli Ultimi Giorni\" \/>\n<meta property=\"og:description\" content=\"Ges\u00f9 Cristo \u00e8 il compimento delle profezie messianiche. Egli \u00e8 l\u2019unto e il prescelto. Non \u00e8 nessun altro. Ges\u00f9 \u00e8 il Cristo, l\u2019unico modo per essere salvati.\" \/>\n<meta property=\"og:url\" content=\"https:\/\/it.elds.org\/gesu-cristo-org\/\" \/>\n<meta property=\"og:site_name\" content=\"gesucristo.org\" \/>\n<meta property=\"article:modified_time\" content=\"2018-12-09T13:02:52+00:00\" \/>\n<meta name=\"twitter:card\" content=\"summary_large_image\" \/>\n<meta name=\"twitter:label1\" content=\"Tempo di lettura stimato\" \/>\n\t<meta name=\"twitter:data1\" content=\"2 minuti\" \/>\n<script type=\"application\/ld+json\" class=\"yoast-schema-graph\">{\"@context\":\"https:\\\/\\\/schema.org\",\"@graph\":[{\"@type\":\"WebPage\",\"@id\":\"https:\\\/\\\/it.elds.org\\\/gesu-cristo-org\\\/\",\"url\":\"https:\\\/\\\/it.elds.org\\\/gesu-cristo-org\\\/\",\"name\":\"Ges\u00f9 Cristo - Chiesa di Ges\u00f9 Cristo dei Santi degli Ultimi Giorni\",\"isPartOf\":{\"@id\":\"https:\\\/\\\/it.elds.org\\\/gesu-cristo-org\\\/#website\"},\"datePublished\":\"2015-03-27T20:33:02+00:00\",\"dateModified\":\"2018-12-09T13:02:52+00:00\",\"description\":\"Ges\u00f9 Cristo \u00e8 il compimento delle profezie messianiche. Egli \u00e8 l\u2019unto e il prescelto. Non \u00e8 nessun altro. Ges\u00f9 \u00e8 il Cristo, l\u2019unico modo per essere salvati.\",\"breadcrumb\":{\"@id\":\"https:\\\/\\\/it.elds.org\\\/gesu-cristo-org\\\/#breadcrumb\"},\"inLanguage\":\"it-IT\",\"potentialAction\":[{\"@type\":\"ReadAction\",\"target\":[\"https:\\\/\\\/it.elds.org\\\/gesu-cristo-org\\\/\"]}]},{\"@type\":\"BreadcrumbList\",\"@id\":\"https:\\\/\\\/it.elds.org\\\/gesu-cristo-org\\\/#breadcrumb\",\"itemListElement\":[{\"@type\":\"ListItem\",\"position\":1,\"name\":\"Home\",\"item\":\"https:\\\/\\\/it.elds.org\\\/gesu-cristo-org\\\/\"},{\"@type\":\"ListItem\",\"position\":2,\"name\":\"Home\"}]},{\"@type\":\"WebSite\",\"@id\":\"https:\\\/\\\/it.elds.org\\\/gesu-cristo-org\\\/#website\",\"url\":\"https:\\\/\\\/it.elds.org\\\/gesu-cristo-org\\\/\",\"name\":\"gesucristo.org\",\"description\":\"Il sito gesucristo.org offre una visione allargata del vangelo restaurato di Ges\u00f9 Cristo e di come possiamo usarlo per vincere le sfide degli ultimi giorni, con consigli, esempi e storie edificanti.\",\"potentialAction\":[{\"@type\":\"SearchAction\",\"target\":{\"@type\":\"EntryPoint\",\"urlTemplate\":\"https:\\\/\\\/it.elds.org\\\/gesu-cristo-org\\\/?s={search_term_string}\"},\"query-input\":{\"@type\":\"PropertyValueSpecification\",\"valueRequired\":true,\"valueName\":\"search_term_string\"}}],\"inLanguage\":\"it-IT\"}]}<\/script>\n<!-- \/ Yoast SEO plugin. -->","yoast_head_json":{"title":"Ges\u00f9 Cristo - Chiesa di Ges\u00f9 Cristo dei Santi degli Ultimi Giorni","description":"Ges\u00f9 Cristo \u00e8 il compimento delle profezie messianiche. Egli \u00e8 l\u2019unto e il prescelto. Non \u00e8 nessun altro. Ges\u00f9 \u00e8 il Cristo, l\u2019unico modo per essere salvati.","robots":{"index":"index","follow":"follow","max-snippet":"max-snippet:-1","max-image-preview":"max-image-preview:large","max-video-preview":"max-video-preview:-1"},"canonical":"https:\/\/it.elds.org\/gesu-cristo-org\/","og_locale":"it_IT","og_type":"article","og_title":"Ges\u00f9 Cristo - Chiesa di Ges\u00f9 Cristo dei Santi degli Ultimi Giorni","og_description":"Ges\u00f9 Cristo \u00e8 il compimento delle profezie messianiche. Egli \u00e8 l\u2019unto e il prescelto. Non \u00e8 nessun altro. Ges\u00f9 \u00e8 il Cristo, l\u2019unico modo per essere salvati.","og_url":"https:\/\/it.elds.org\/gesu-cristo-org\/","og_site_name":"gesucristo.org","article_modified_time":"2018-12-09T13:02:52+00:00","twitter_card":"summary_large_image","twitter_misc":{"Tempo di lettura stimato":"2 minuti"},"schema":{"@context":"https:\/\/schema.org","@graph":[{"@type":"WebPage","@id":"https:\/\/it.elds.org\/gesu-cristo-org\/","url":"https:\/\/it.elds.org\/gesu-cristo-org\/","name":"Ges\u00f9 Cristo - Chiesa di Ges\u00f9 Cristo dei Santi degli Ultimi Giorni","isPartOf":{"@id":"https:\/\/it.elds.org\/gesu-cristo-org\/#website"},"datePublished":"2015-03-27T20:33:02+00:00","dateModified":"2018-12-09T13:02:52+00:00","description":"Ges\u00f9 Cristo \u00e8 il compimento delle profezie messianiche. Egli \u00e8 l\u2019unto e il prescelto. Non \u00e8 nessun altro. Ges\u00f9 \u00e8 il Cristo, l\u2019unico modo per essere salvati.","breadcrumb":{"@id":"https:\/\/it.elds.org\/gesu-cristo-org\/#breadcrumb"},"inLanguage":"it-IT","potentialAction":[{"@type":"ReadAction","target":["https:\/\/it.elds.org\/gesu-cristo-org\/"]}]},{"@type":"BreadcrumbList","@id":"https:\/\/it.elds.org\/gesu-cristo-org\/#breadcrumb","itemListElement":[{"@type":"ListItem","position":1,"name":"Home","item":"https:\/\/it.elds.org\/gesu-cristo-org\/"},{"@type":"ListItem","position":2,"name":"Home"}]},{"@type":"WebSite","@id":"https:\/\/it.elds.org\/gesu-cristo-org\/#website","url":"https:\/\/it.elds.org\/gesu-cristo-org\/","name":"gesucristo.org","description":"Il sito gesucristo.org offre una visione allargata del vangelo restaurato di Ges\u00f9 Cristo e di come possiamo usarlo per vincere le sfide degli ultimi giorni, con consigli, esempi e storie edificanti.","potentialAction":[{"@type":"SearchAction","target":{"@type":"EntryPoint","urlTemplate":"https:\/\/it.elds.org\/gesu-cristo-org\/?s={search_term_string}"},"query-input":{"@type":"PropertyValueSpecification","valueRequired":true,"valueName":"search_term_string"}}],"inLanguage":"it-IT"}]}},"_links":{"self":[{"href":"https:\/\/it.elds.org\/gesu-cristo-org\/wp-json\/wp\/v2\/pages\/2441","targetHints":{"allow":["GET"]}}],"collection":[{"href":"https:\/\/it.elds.org\/gesu-cristo-org\/wp-json\/wp\/v2\/pages"}],"about":[{"href":"https:\/\/it.elds.org\/gesu-cristo-org\/wp-json\/wp\/v2\/types\/page"}],"author":[{"embeddable":true,"href":"https:\/\/it.elds.org\/gesu-cristo-org\/wp-json\/wp\/v2\/users\/23"}],"replies":[{"embeddable":true,"href":"https:\/\/it.elds.org\/gesu-cristo-org\/wp-json\/wp\/v2\/comments?post=2441"}],"version-history":[{"count":94,"href":"https:\/\/it.elds.org\/gesu-cristo-org\/wp-json\/wp\/v2\/pages\/2441\/revisions"}],"predecessor-version":[{"id":7031,"href":"https:\/\/it.elds.org\/gesu-cristo-org\/wp-json\/wp\/v2\/pages\/2441\/revisions\/7031"}],"wp:attachment":[{"href":"https:\/\/it.elds.org\/gesu-cristo-org\/wp-json\/wp\/v2\/media?parent=2441"}],"curies":[{"name":"wp","href":"https:\/\/api.w.org\/{rel}","templated":true}]}}