{"id":2526,"date":"2015-04-21T23:39:49","date_gmt":"2015-04-21T23:39:49","guid":{"rendered":"http:\/\/it.elds.org\/gesu-cristo-org\/?page_id=2526"},"modified":"2015-04-21T23:39:49","modified_gmt":"2015-04-21T23:39:49","slug":"il-vangelo","status":"publish","type":"page","link":"https:\/\/it.elds.org\/gesu-cristo-org\/il-vangelo\/","title":{"rendered":"Il Vangelo"},"content":{"rendered":"<p>[et_pb_section][et_pb_row][et_pb_column type=&#8221;4_4&#8243;][et_pb_text admin_label=&#8221;Text&#8221; background_layout=&#8221;light&#8221; text_orientation=&#8221;left&#8221;]<\/p>\n<h1 id=\"tw-target-text\" class=\"tw-data-text vk_txt tw-ta tw-text-medium\" dir=\"ltr\" style=\"text-align: center;\" data-placeholder=\"Translation\">Il Vangelo di Ges\u00f9 Cristo<\/h1>\n<p>[\/et_pb_text][\/et_pb_column][\/et_pb_row][et_pb_row][et_pb_column type=&#8221;1_3&#8243;][et_pb_image admin_label=&#8221;Image&#8221; src=&#8221;http:\/\/it.elds.org\/gesu-cristo-org\/files\/2015\/04\/Woman-at-the-well.jpg&#8221; show_in_lightbox=&#8221;off&#8221; url_new_window=&#8221;off&#8221; animation=&#8221;left&#8221; sticky=&#8221;off&#8221; \/][et_pb_text admin_label=&#8221;Text&#8221; background_layout=&#8221;light&#8221; text_orientation=&#8221;left&#8221;]<\/p>\n<p style=\"text-align: center;\"><a href=\"https:\/\/www.lds.org\/bc\/content\/shared\/content\/italian\/pdf\/language-materials\/36951_ita.pdf?lang=ita\" target=\"_blank\">Per saperne di pi\u00f9 sul Vangelo di Ges\u00f9 Cristo<\/a><\/p>\n<p>[\/et_pb_text][\/et_pb_column][et_pb_column type=&#8221;2_3&#8243;][et_pb_tabs admin_label=&#8221;Tabs&#8221;][et_pb_tab title=&#8221;Fede&#8221;]<\/p>\n<h5>La Fede in Ges\u00fa Cristo<\/h5>\n<p>La fede \u00e8 un forte credo che motiva una persona ad agire. La fede che porta al perdono dei peccati \u00e8 incentrata in Ges\u00f9 Cristo, la cui espiazione rende il perdono possibile. La fede in Ges\u00f9 Cristo \u00e8 pi\u00f9 che una semplice convinzione passiva in Lui: significa credere che Egli \u00e8 il Figlio di Dio e che ha sofferto per i suoi peccati, le sue afflizioni e le sue infermit\u00e0. Significa agire in conformit\u00e0 a tale credenza. La fede in Ges\u00f9 Cristo la porta ad amarLo, a confidare in Lui e a obbedire ai Suoi comandamenti.<\/p>\n<p>[\/et_pb_tab][et_pb_tab title=&#8221;Il Pentimento&#8221;]<\/p>\n<h5>Il Pentimento<\/h5>\n<p>La fede in Ges\u00f9 Cristo la porta a desiderare di cambiare la vita in meglio. Studiando il Vangelo riconosce di avere peccato, ossia di aver agito contro la volont\u00e0 e gli insegnamenti di Dio. Mediante il pentimento, lei cambia i pensieri, i desideri, le abitudini e le azioni che non sono in armonia con gli insegnamenti di Dio. Quando lei si pente, Egli promette di perdonarla dei suoi peccati.<\/p>\n<p>[\/et_pb_tab][et_pb_tab title=&#8221;Il Battesimo e lo Spirito Santo&#8221;]<\/p>\n<h5>Il Battesimo e lo Spirito Santo<\/h5>\n<p>La fede in Ges\u00f9 Cristo e il pentimento la preparano per il battesimo e per il conferimento dello Spirito Santo. Ges\u00f9 Cristo insegn\u00f2 che tutti devono essere battezzati d\u2019acqua e di Spirito (lo Spirito Santo) per la remissione, o perdono, dei peccati. Lei rinascer\u00e0 spiritualmente grazie al battesimo celebrato da una persona che detiene l\u2019autorit\u00e0 del sacerdozio e ricevendo poi lo Spirito Santo.<\/p>\n<p>[\/et_pb_tab][et_pb_tab title=&#8221;Perseverare &#8220;]<\/p>\n<h5>Perseverare Sino Alla Fine<\/h5>\n<p>Lei diverr\u00e0 un membro della Chiesa di Ges\u00f9 Cristo dei Santi degli Ultimi Giorni grazie alla fede in Ges\u00f9 Cristo, il pentimento e le ordinanze del battesimo e della confermazione. Dopo che sar\u00e0 diventato un fedele della Chiesa, la sua comprensione continuer\u00e0 a crescere. Lei continuer\u00e0 a esercitare la fede in Ges\u00f9 Cristo, a pentirsi, a rinnovare le alleanze battesimali mediante il sacramento e a seguire la guida dello Spirito Santo. Questi primi principi e ordinanze del Vangelo sono un modello da seguire sempre. Questo impegno per tutta la vita \u00e8 definito come \u00abperseverare sino alla fine\u00bb.<\/p>\n<p>Perseverare sino alla fine porta guida, pace e felicit\u00e0. Lei prover\u00e0 la gioia insita nel cercare di diventare sempre pi\u00f9 come Ges\u00f9 Cristo servendo e aiutando le persone che le sono vicine. Lei comprender\u00e0 meglio il suo rapporto con il Padre celeste e sentir\u00e0 l\u2019amore perfetto che Egli nutre per lei. Sar\u00e0 pieno di speranza e avr\u00e0 uno scopo in un mondo spesso infelice e pieno di problemi.<\/p>\n<p>[\/et_pb_tab][\/et_pb_tabs][\/et_pb_column][\/et_pb_row][et_pb_row][et_pb_column type=&#8221;1_4&#8243;][et_pb_sidebar admin_label=&#8221;Sidebar&#8221; orientation=&#8221;right&#8221; area=&#8221;sidebar-1&#8243; background_layout=&#8221;light&#8221; \/][\/et_pb_column][et_pb_column type=&#8221;3_4&#8243;][et_pb_blog admin_label=&#8221;Blog&#8221; fullwidth=&#8221;off&#8221; posts_number=&#8221;10&#8243; include_categories=&#8221;7,416,10,420,413,22&#8243; meta_date=&#8221;M j, Y&#8221; show_thumbnail=&#8221;on&#8221; show_content=&#8221;off&#8221; show_more=&#8221;off&#8221; show_author=&#8221;on&#8221; show_date=&#8221;on&#8221; show_categories=&#8221;on&#8221; show_pagination=&#8221;on&#8221; offset_number=&#8221;0&#8243; background_layout=&#8221;light&#8221; \/][\/et_pb_column][\/et_pb_row][\/et_pb_section]<\/p>\n","protected":false},"excerpt":{"rendered":"<p><div class=\"et_pb_section et_pb_section_0 et_section_regular\" >\n\t\t\t\t\n\t\t\t\t\n\t\t\t\t\n\t\t\t\t\n\t\t\t\t\n\t\t\t\t\n\t\t\t\t\n\t\t\t\t\n\t\t\t\t\n\t\t\t<\/div><div class=\"et_pb_row et_pb_row_0 et_pb_row_empty\">\n\t\t\t\t\n\t\t\t\t\n\t\t\t\t\n\t\t\t\t\n\t\t\t\t\n\t\t\t<\/div> Il Vangelo di Ges\u00f9 Cristo <div class=\"et_pb_row et_pb_row_1 et_pb_row_empty\">\n\t\t\t\t\n\t\t\t\t\n\t\t\t\t\n\t\t\t\t\n\t\t\t\t\n\t\t\t<\/div> Per saperne di pi\u00f9 sul Vangelo di Ges\u00f9 Cristo La Fede in Ges\u00fa Cristo La fede \u00e8 un forte credo che motiva una persona ad agire. La fede che porta al perdono dei peccati \u00e8 incentrata in Ges\u00f9 Cristo, la cui espiazione rende il perdono possibile. La fede [&hellip;]<\/p>\n","protected":false},"author":23,"featured_media":0,"parent":0,"menu_order":0,"comment_status":"open","ping_status":"closed","template":"","meta":{"_et_pb_use_builder":"on","_et_pb_old_content":"","_et_gb_content_width":"","_monsterinsights_skip_tracking":false,"_monsterinsights_sitenote_active":false,"_monsterinsights_sitenote_note":"","_monsterinsights_sitenote_category":0,"ngg_post_thumbnail":0,"footnotes":""},"class_list":["post-2526","page","type-page","status-publish","hentry"],"yoast_head":"<!-- This site is optimized with the Yoast SEO plugin v27.5 - https:\/\/yoast.com\/product\/yoast-seo-wordpress\/ -->\n<title>Il Vangelo<\/title>\n<meta name=\"robots\" content=\"index, follow, max-snippet:-1, max-image-preview:large, max-video-preview:-1\" \/>\n<link rel=\"canonical\" href=\"https:\/\/it.elds.org\/gesu-cristo-org\/il-vangelo\/\" \/>\n<meta property=\"og:locale\" content=\"it_IT\" \/>\n<meta property=\"og:type\" content=\"article\" \/>\n<meta property=\"og:title\" content=\"Il Vangelo\" \/>\n<meta property=\"og:description\" content=\"Il Vangelo di Ges\u00f9 Cristo Per saperne di pi\u00f9 sul Vangelo di Ges\u00f9 Cristo La Fede in Ges\u00fa Cristo La fede \u00e8 un forte credo che motiva una persona ad agire. La fede che porta al perdono dei peccati \u00e8 incentrata in Ges\u00f9 Cristo, la cui espiazione rende il perdono possibile. La fede [&hellip;]\" \/>\n<meta property=\"og:url\" content=\"https:\/\/it.elds.org\/gesu-cristo-org\/il-vangelo\/\" \/>\n<meta property=\"og:site_name\" content=\"gesucristo.org\" \/>\n<meta name=\"twitter:card\" content=\"summary_large_image\" \/>\n<meta name=\"twitter:label1\" content=\"Tempo di lettura stimato\" \/>\n\t<meta name=\"twitter:data1\" content=\"3 minuti\" \/>\n<script type=\"application\/ld+json\" class=\"yoast-schema-graph\">{\"@context\":\"https:\\\/\\\/schema.org\",\"@graph\":[{\"@type\":\"WebPage\",\"@id\":\"https:\\\/\\\/it.elds.org\\\/gesu-cristo-org\\\/il-vangelo\\\/\",\"url\":\"https:\\\/\\\/it.elds.org\\\/gesu-cristo-org\\\/il-vangelo\\\/\",\"name\":\"Il Vangelo\",\"isPartOf\":{\"@id\":\"https:\\\/\\\/it.elds.org\\\/gesu-cristo-org\\\/#website\"},\"datePublished\":\"2015-04-21T23:39:49+00:00\",\"breadcrumb\":{\"@id\":\"https:\\\/\\\/it.elds.org\\\/gesu-cristo-org\\\/il-vangelo\\\/#breadcrumb\"},\"inLanguage\":\"it-IT\",\"potentialAction\":[{\"@type\":\"ReadAction\",\"target\":[\"https:\\\/\\\/it.elds.org\\\/gesu-cristo-org\\\/il-vangelo\\\/\"]}]},{\"@type\":\"BreadcrumbList\",\"@id\":\"https:\\\/\\\/it.elds.org\\\/gesu-cristo-org\\\/il-vangelo\\\/#breadcrumb\",\"itemListElement\":[{\"@type\":\"ListItem\",\"position\":1,\"name\":\"Home\",\"item\":\"https:\\\/\\\/it.elds.org\\\/gesu-cristo-org\\\/\"},{\"@type\":\"ListItem\",\"position\":2,\"name\":\"Il Vangelo\"}]},{\"@type\":\"WebSite\",\"@id\":\"https:\\\/\\\/it.elds.org\\\/gesu-cristo-org\\\/#website\",\"url\":\"https:\\\/\\\/it.elds.org\\\/gesu-cristo-org\\\/\",\"name\":\"gesucristo.org\",\"description\":\"Il sito gesucristo.org offre una visione allargata del vangelo restaurato di Ges\u00f9 Cristo e di come possiamo usarlo per vincere le sfide degli ultimi giorni, con consigli, esempi e storie edificanti.\",\"potentialAction\":[{\"@type\":\"SearchAction\",\"target\":{\"@type\":\"EntryPoint\",\"urlTemplate\":\"https:\\\/\\\/it.elds.org\\\/gesu-cristo-org\\\/?s={search_term_string}\"},\"query-input\":{\"@type\":\"PropertyValueSpecification\",\"valueRequired\":true,\"valueName\":\"search_term_string\"}}],\"inLanguage\":\"it-IT\"}]}<\/script>\n<!-- \/ Yoast SEO plugin. -->","yoast_head_json":{"title":"Il Vangelo","robots":{"index":"index","follow":"follow","max-snippet":"max-snippet:-1","max-image-preview":"max-image-preview:large","max-video-preview":"max-video-preview:-1"},"canonical":"https:\/\/it.elds.org\/gesu-cristo-org\/il-vangelo\/","og_locale":"it_IT","og_type":"article","og_title":"Il Vangelo","og_description":"Il Vangelo di Ges\u00f9 Cristo Per saperne di pi\u00f9 sul Vangelo di Ges\u00f9 Cristo La Fede in Ges\u00fa Cristo La fede \u00e8 un forte credo che motiva una persona ad agire. La fede che porta al perdono dei peccati \u00e8 incentrata in Ges\u00f9 Cristo, la cui espiazione rende il perdono possibile. La fede [&hellip;]","og_url":"https:\/\/it.elds.org\/gesu-cristo-org\/il-vangelo\/","og_site_name":"gesucristo.org","twitter_card":"summary_large_image","twitter_misc":{"Tempo di lettura stimato":"3 minuti"},"schema":{"@context":"https:\/\/schema.org","@graph":[{"@type":"WebPage","@id":"https:\/\/it.elds.org\/gesu-cristo-org\/il-vangelo\/","url":"https:\/\/it.elds.org\/gesu-cristo-org\/il-vangelo\/","name":"Il Vangelo","isPartOf":{"@id":"https:\/\/it.elds.org\/gesu-cristo-org\/#website"},"datePublished":"2015-04-21T23:39:49+00:00","breadcrumb":{"@id":"https:\/\/it.elds.org\/gesu-cristo-org\/il-vangelo\/#breadcrumb"},"inLanguage":"it-IT","potentialAction":[{"@type":"ReadAction","target":["https:\/\/it.elds.org\/gesu-cristo-org\/il-vangelo\/"]}]},{"@type":"BreadcrumbList","@id":"https:\/\/it.elds.org\/gesu-cristo-org\/il-vangelo\/#breadcrumb","itemListElement":[{"@type":"ListItem","position":1,"name":"Home","item":"https:\/\/it.elds.org\/gesu-cristo-org\/"},{"@type":"ListItem","position":2,"name":"Il Vangelo"}]},{"@type":"WebSite","@id":"https:\/\/it.elds.org\/gesu-cristo-org\/#website","url":"https:\/\/it.elds.org\/gesu-cristo-org\/","name":"gesucristo.org","description":"Il sito gesucristo.org offre una visione allargata del vangelo restaurato di Ges\u00f9 Cristo e di come possiamo usarlo per vincere le sfide degli ultimi giorni, con consigli, esempi e storie edificanti.","potentialAction":[{"@type":"SearchAction","target":{"@type":"EntryPoint","urlTemplate":"https:\/\/it.elds.org\/gesu-cristo-org\/?s={search_term_string}"},"query-input":{"@type":"PropertyValueSpecification","valueRequired":true,"valueName":"search_term_string"}}],"inLanguage":"it-IT"}]}},"_links":{"self":[{"href":"https:\/\/it.elds.org\/gesu-cristo-org\/wp-json\/wp\/v2\/pages\/2526","targetHints":{"allow":["GET"]}}],"collection":[{"href":"https:\/\/it.elds.org\/gesu-cristo-org\/wp-json\/wp\/v2\/pages"}],"about":[{"href":"https:\/\/it.elds.org\/gesu-cristo-org\/wp-json\/wp\/v2\/types\/page"}],"author":[{"embeddable":true,"href":"https:\/\/it.elds.org\/gesu-cristo-org\/wp-json\/wp\/v2\/users\/23"}],"replies":[{"embeddable":true,"href":"https:\/\/it.elds.org\/gesu-cristo-org\/wp-json\/wp\/v2\/comments?post=2526"}],"version-history":[{"count":13,"href":"https:\/\/it.elds.org\/gesu-cristo-org\/wp-json\/wp\/v2\/pages\/2526\/revisions"}],"predecessor-version":[{"id":2540,"href":"https:\/\/it.elds.org\/gesu-cristo-org\/wp-json\/wp\/v2\/pages\/2526\/revisions\/2540"}],"wp:attachment":[{"href":"https:\/\/it.elds.org\/gesu-cristo-org\/wp-json\/wp\/v2\/media?parent=2526"}],"curies":[{"name":"wp","href":"https:\/\/api.w.org\/{rel}","templated":true}]}}